{"id":12,"date":"2024-09-09T08:43:25","date_gmt":"2024-09-09T11:43:25","guid":{"rendered":"https:\/\/fumibug.com\/services\/"},"modified":"2024-09-20T23:16:26","modified_gmt":"2024-09-21T02:16:26","slug":"servicios","status":"publish","type":"page","link":"https:\/\/fumibug.com\/inicio\/servicios\/","title":{"rendered":"Servicios"},"content":{"rendered":"\n<div class=\"wp-block-uagb-container uagb-block-ddbe5c65 alignfull uagb-is-root-container\"><div class=\"uagb-container-inner-blocks-wrap\">\n<div class=\"wp-block-uagb-advanced-heading uagb-block-fa4e7c56\"><h1 class=\"uagb-heading-text\">Servicios de fumigaci\u00f3n que Ofrecemos<\/h1><p class=\"uagb-desc-text\">Ofrecemos una amplia gama de servicios de fumigaci\u00f3n, desde el control de plagas hasta la desinfecci\u00f3n en instalaciones dom\u00e9sticas y comerciales. Nuestro equipo de profesionales est\u00e1 capacitado para manejar cualquier tipo de infestaci\u00f3n, garantizando un ambiente seguro y libre de plagas.<\/p><\/div>\n<\/div><\/div>\n\n\n\n<div class=\"wp-block-uagb-container uagb-block-769b6847 alignfull uagb-is-root-container\"><div class=\"uagb-container-inner-blocks-wrap\">\n<div class=\"wp-block-uagb-advanced-heading uagb-block-49143d4d\"><h2 class=\"uagb-heading-text\">\u00bfC\u00f3mo podemos ayudarte?<\/h2><\/div>\n\n\n\n<div class=\"wp-block-uagb-container uagb-layout-grid uagb-block-132ede22\">\n<div class=\"wp-block-uagb-info-box uagb-block-0669c3ff uagb-infobox__content-wrap  uagb-infobox-icon-above-title uagb-infobox-image-valign-top\"><div class=\"uagb-ifb-content\"><div class=\"uagb-ifb-image-content\"><img decoding=\"async\" src=\"https:\/\/fumibug.com\/wp-content\/uploads\/2024\/09\/cropped-g8d70f8e65e441a2fffc936e6a0fda3fb3ad9dd4df246d1f0d109cd6f54553292b66476a9a778fabf3dbe3193d5ab196c96425a44a29bad696cadbd9a91d56ac9_1280-3116192-e1726531635816.jpg\" alt=\"plaga de cucarachas\" width=\"853\" height=\"641\" loading=\"lazy\"\/><\/div><div class=\"uagb-ifb-title-wrap\"><h4 class=\"uagb-ifb-title\">Cucarachas<\/h4><\/div><p class=\"uagb-ifb-desc\">Son una plaga com\u00fan y dif\u00edcil de eliminar con m\u00e9todos caseros. Nuestra soluci\u00f3n profesional utiliza productos de baja toxicidad para las mascotas y ni\u00f1os, alta durabilidad y efecto contagioso. Esto significa que las cucarachas transportan el qu\u00edmico activo a sus nidos, aumentando la eficacia y alcance del tratamiento.<\/p><\/div><\/div>\n\n\n\n<div class=\"wp-block-uagb-info-box uagb-block-9a931b37 uagb-infobox__content-wrap  uagb-infobox-icon-above-title uagb-infobox-image-valign-top\"><div class=\"uagb-ifb-content\"><div class=\"uagb-ifb-image-content\"><img decoding=\"async\" src=\"https:\/\/fumibug.com\/wp-content\/uploads\/2024\/09\/cropped-g125fec573909d40ce64a803867acc5d954d760f0323b24da63128dc19e58265711713fe91272f5bd11f8378ff28871439afcba551a1ad15f5b30029d62734152_1280-6368356-e1726247799368.jpg\" alt=\"Plaga, Hormigas\" width=\"1046\" height=\"785\" loading=\"lazy\"\/><\/div><div class=\"uagb-ifb-title-wrap\"><h4 class=\"uagb-ifb-title\">Hormigas<\/h4><\/div><p class=\"uagb-ifb-desc\">Son una plaga que da\u00f1a plantas y anida en estructuras como techos, jardines y cimientos. Nuestro tratamiento profesional utiliza productos de baja toxicidad y alta eficacia para eliminarlas, aprovechando su comportamiento para exterminar la colonia completa, incluida la hormiga reina.<\/p><\/div><\/div>\n\n\n\n<div class=\"wp-block-uagb-info-box uagb-block-15659dce uagb-infobox__content-wrap  uagb-infobox-icon-above-title uagb-infobox-image-valign-top\"><div class=\"uagb-ifb-content\"><div class=\"uagb-ifb-image-content\"><img decoding=\"async\" src=\"https:\/\/fumibug.com\/wp-content\/uploads\/2024\/09\/pexels-photo-2189599-2189599-scaled-e1726531948535.jpg\" alt=\"Roedor comiendo una nues\" width=\"1600\" height=\"1204\" loading=\"lazy\"\/><\/div><div class=\"uagb-ifb-title-wrap\"><h4 class=\"uagb-ifb-title\">Roedores<\/h4><\/div><p class=\"uagb-ifb-desc\">Estos peque\u00f1os visitantes y, en ocasiones, inquilinos no deseados contaminan alimentos, transmiten enfermedades y causan estragos en hogares y negocios. Nuestro tratamiento profesional utiliza productos de alta eficacia para eliminarlos, aprovechando su comportamiento para destruir los nidos, madrigueras y rutas de acceso.<\/p><\/div><\/div>\n\n\n\n<div class=\"wp-block-uagb-info-box uagb-block-9f7240ab uagb-infobox__content-wrap  uagb-infobox-icon-above-title uagb-infobox-image-valign-top\"><div class=\"uagb-ifb-content\"><div class=\"uagb-ifb-image-content\"><img decoding=\"async\" src=\"https:\/\/fumibug.com\/wp-content\/uploads\/2024\/09\/spider-network-nature-63857-63857-scaled-e1726532502355.jpg\" alt=\"fumigaci\u00f3n de ara\u00f1as\" width=\"1600\" height=\"1201\" loading=\"lazy\"\/><\/div><div class=\"uagb-ifb-title-wrap\"><h4 class=\"uagb-ifb-title\">Ara\u00f1as<\/h4><\/div><p class=\"uagb-ifb-desc\">Generalmente no son peligrosas a menos que pertenezcan a una especie venenosa. Suelen alimentarse de otros insectos no deseados, lo cual es beneficioso. Sin embargo, pueden resultar inc\u00f3modas, especialmente si ten\u00e9s fobia a las ara\u00f1as.<\/p><\/div><\/div>\n\n\n\n<div class=\"wp-block-uagb-info-box uagb-block-5681adcd uagb-infobox__content-wrap  uagb-infobox-icon-above-title uagb-infobox-image-valign-top\"><div class=\"uagb-ifb-content\"><div class=\"uagb-ifb-image-content\"><img decoding=\"async\" src=\"https:\/\/fumibug.com\/wp-content\/uploads\/2024\/09\/gf45e66d66525f82cda46cfdc3adc2c041b8bc59839697f0a8b065009030f5c3fbebb9c047ad14a757754fe7d733b685e966d6341a9bab89216022f91a09e5302_1280-2151688.jpg\" alt=\"garrapatas en una tela\" width=\"1280\" height=\"960\" loading=\"lazy\"\/><\/div><div class=\"uagb-ifb-title-wrap\"><h4 class=\"uagb-ifb-title\">Garrapatas, Chinches y Pulgas\u200b<\/h4><\/div><p class=\"uagb-ifb-desc\">Estos par\u00e1sitos suelen entrar a tu hogar a trav\u00e9s de las mascotas o incluso pueden subirse a tu ropa cuando est\u00e1s en la calle, permitiendo que los traigas vos mismo. Muchos de ellos son peligrosos y pueden transmitir enfermedades graves.<\/p><\/div><\/div>\n<\/div>\n\n\n\n<div class=\"wp-block-uagb-buttons uagb-buttons__outer-wrap uagb-btn__default-btn uagb-btn-tablet__default-btn uagb-btn-mobile__default-btn uagb-block-c8b8590c\"><div class=\"uagb-buttons__wrap uagb-buttons-layout-wrap \">\n<div class=\"wp-block-uagb-buttons-child uagb-buttons__outer-wrap uagb-block-182585fe wp-block-button\"><div class=\"uagb-button__wrapper\"><a class=\"uagb-buttons-repeater wp-block-button__link\" aria-label=\"\" href=\"https:\/\/api.whatsapp.com\/send?phone=5491131934993\" rel=\"follow noopener\" target=\"_self\" role=\"button\"><div class=\"uagb-button__link\">Consulta por mas de Nuestros Servicios<\/div><span class=\"uagb-button__icon uagb-button__icon-position-after\"><svg xmlns=\"https:\/\/www.w3.org\/2000\/svg\" viewBox=\"0 0 448 512\" aria-hidden=\"true\" focussable=\"false\"><path d=\"M380.9 97.1C339 55.1 283.2 32 223.9 32c-122.4 0-222 99.6-222 222 0 39.1 10.2 77.3 29.6 111L0 480l117.7-30.9c32.4 17.7 68.9 27 106.1 27h.1c122.3 0 224.1-99.6 224.1-222 0-59.3-25.2-115-67.1-157zm-157 341.6c-33.2 0-65.7-8.9-94-25.7l-6.7-4-69.8 18.3L72 359.2l-4.4-7c-18.5-29.4-28.2-63.3-28.2-98.2 0-101.7 82.8-184.5 184.6-184.5 49.3 0 95.6 19.2 130.4 54.1 34.8 34.9 56.2 81.2 56.1 130.5 0 101.8-84.9 184.6-186.6 184.6zm101.2-138.2c-5.5-2.8-32.8-16.2-37.9-18-5.1-1.9-8.8-2.8-12.5 2.8-3.7 5.6-14.3 18-17.6 21.8-3.2 3.7-6.5 4.2-12 1.4-32.6-16.3-54-29.1-75.5-66-5.7-9.8 5.7-9.1 16.3-30.3 1.8-3.7 .9-6.9-.5-9.7-1.4-2.8-12.5-30.1-17.1-41.2-4.5-10.8-9.1-9.3-12.5-9.5-3.2-.2-6.9-.2-10.6-.2-3.7 0-9.7 1.4-14.8 6.9-5.1 5.6-19.4 19-19.4 46.3 0 27.3 19.9 53.7 22.6 57.4 2.8 3.7 39.1 59.7 94.8 83.8 35.2 15.2 49 16.5 66.6 13.9 10.7-1.6 32.8-13.4 37.4-26.4 4.6-13 4.6-24.1 3.2-26.4-1.3-2.5-5-3.9-10.5-6.6z\"><\/path><\/svg><\/span><\/a><\/div><\/div>\n<\/div><\/div>\n<\/div><\/div>\n\n\n\n<div class=\"wp-block-uagb-container uagb-block-3c795e40 alignfull uagb-is-root-container\"><div class=\"uagb-container-inner-blocks-wrap\">\n<div class=\"wp-block-uagb-image uagb-block-90ee0f2e wp-block-uagb-image--layout-default wp-block-uagb-image--effect-static wp-block-uagb-image--align-none\"><figure class=\"wp-block-uagb-image__figure\"><img decoding=\"async\" srcset=\"https:\/\/fumibug.com\/wp-content\/uploads\/2024\/09\/persona-que-desinfecta-area-peligrosa-mientras-usa-traje-protector.jpg ,https:\/\/fumibug.com\/wp-content\/uploads\/2024\/09\/persona-que-desinfecta-area-peligrosa-mientras-usa-traje-protector.jpg 780w, https:\/\/fumibug.com\/wp-content\/uploads\/2024\/09\/persona-que-desinfecta-area-peligrosa-mientras-usa-traje-protector.jpg 360w\" sizes=\"auto, (max-width: 480px) 150px\" src=\"https:\/\/fumibug.com\/wp-content\/uploads\/2024\/09\/persona-que-desinfecta-area-peligrosa-mientras-usa-traje-protector.jpg\" alt=\"profesionales en fumigaci\u00f3n\" class=\"uag-image-1335\" width=\"600\" height=\"429\" title=\"Fumigador\" loading=\"lazy\" role=\"img\"\/><\/figure><\/div>\n\n\n\n<div class=\"wp-block-uagb-info-box uagb-block-bd72b2fb uagb-infobox__content-wrap  uagb-infobox-icon-above-title uagb-infobox-image-valign-top\"><div class=\"uagb-ifb-content\"><div class=\"uagb-ifb-title-wrap\"><h2 class=\"uagb-ifb-title\">\u00a1Estamos aqu\u00ed para ayudar! \u00a1Ll\u00e1manos hoy!<\/h2><\/div><div class=\"uagb-ifb-button-wrapper wp-block-button\"><a href=\"#\" class=\"uagb-infobox-cta-link wp-block-button__link\" target=\"_self\" rel=\"noopener noreferrer\" onclick=\"return false;\"><span class=\"uagb-inline-editing\">+1131934993<\/span><svg xmlns=\"https:\/\/www.w3.org\/2000\/svg\" viewBox=\"0 0 448 512\"><path d=\"M438.6 278.6l-160 160C272.4 444.9 264.2 448 256 448s-16.38-3.125-22.62-9.375c-12.5-12.5-12.5-32.75 0-45.25L338.8 288H32C14.33 288 .0016 273.7 .0016 256S14.33 224 32 224h306.8l-105.4-105.4c-12.5-12.5-12.5-32.75 0-45.25s32.75-12.5 45.25 0l160 160C451.1 245.9 451.1 266.1 438.6 278.6z\"><\/path><\/svg><\/a><\/div><\/div><\/div>\n<\/div><\/div>\n\n\n\n<p><\/p>\n","protected":false},"excerpt":{"rendered":"<p>Servicios de fumigaci\u00f3n que Ofrecemos Ofrecemos una amplia gama de servicios de fumigaci\u00f3n, desde el control de plagas hasta la desinfecci\u00f3n en instalaciones dom\u00e9sticas y comerciales. Nuestro equipo de profesionales est\u00e1 capacitado para manejar cualquier tipo de infestaci\u00f3n, garantizando un ambiente seguro y libre de plagas. \u00bfC\u00f3mo podemos ayudarte?<\/p>\n","protected":false},"author":1,"featured_media":0,"parent":0,"menu_order":0,"comment_status":"closed","ping_status":"closed","template":"","meta":{"_uag_custom_page_level_css":"","site-sidebar-layout":"no-sidebar","site-content-layout":"plain-container","ast-site-content-layout":"normal-width-container","site-content-style":"unboxed","site-sidebar-style":"unboxed","ast-global-header-display":"","ast-banner-title-visibility":"","ast-main-header-display":"","ast-hfb-above-header-display":"","ast-hfb-below-header-display":"","ast-hfb-mobile-header-display":"","site-post-title":"disabled","ast-breadcrumbs-content":"","ast-featured-img":"","footer-sml-layout":"","ast-disable-related-posts":"","theme-transparent-header-meta":"enabled","adv-header-id-meta":"","stick-header-meta":"","header-above-stick-meta":"","header-main-stick-meta":"","header-below-stick-meta":"","astra-migrate-meta-layouts":"set","ast-page-background-enabled":"default","ast-page-background-meta":{"desktop":{"background-color":"var(--ast-global-color-4)","background-image":"","background-repeat":"repeat","background-position":"center center","background-size":"auto","background-attachment":"scroll","background-type":"","background-media":"","overlay-type":"","overlay-color":"","overlay-opacity":"","overlay-gradient":""},"tablet":{"background-color":"","background-image":"","background-repeat":"repeat","background-position":"center center","background-size":"auto","background-attachment":"scroll","background-type":"","background-media":"","overlay-type":"","overlay-color":"","overlay-opacity":"","overlay-gradient":""},"mobile":{"background-color":"","background-image":"","background-repeat":"repeat","background-position":"center center","background-size":"auto","background-attachment":"scroll","background-type":"","background-media":"","overlay-type":"","overlay-color":"","overlay-opacity":"","overlay-gradient":""}},"ast-content-background-meta":{"desktop":{"background-color":"var(--ast-global-color-5)","background-image":"","background-repeat":"repeat","background-position":"center center","background-size":"auto","background-attachment":"scroll","background-type":"","background-media":"","overlay-type":"","overlay-color":"","overlay-opacity":"","overlay-gradient":""},"tablet":{"background-color":"var(--ast-global-color-5)","background-image":"","background-repeat":"repeat","background-position":"center center","background-size":"auto","background-attachment":"scroll","background-type":"","background-media":"","overlay-type":"","overlay-color":"","overlay-opacity":"","overlay-gradient":""},"mobile":{"background-color":"var(--ast-global-color-5)","background-image":"","background-repeat":"repeat","background-position":"center center","background-size":"auto","background-attachment":"scroll","background-type":"","background-media":"","overlay-type":"","overlay-color":"","overlay-opacity":"","overlay-gradient":""}},"_joinchat":[],"footnotes":""},"class_list":["post-12","page","type-page","status-publish","hentry"],"yoast_head":"<!-- This site is optimized with the Yoast SEO plugin v27.4 - https:\/\/yoast.com\/product\/yoast-seo-wordpress\/ -->\n<title>Nuestros Servicios | Fumibug<\/title>\n<meta name=\"description\" content=\"Mira nuestros servicios de fumigaci\u00f3n \u27a1\ufe0fSon Eficientes\u2714 Profecionales\u2714 Seguros\u2714 Satisfacci\u00f3n Garantizada\u2714 \u27a1\ufe0fcontactanos para m\u00e1s Info...\" \/>\n<meta name=\"robots\" content=\"index, follow, max-snippet:-1, max-image-preview:large, max-video-preview:-1\" \/>\n<link rel=\"canonical\" href=\"https:\/\/fumibug.com\/inicio\/servicios\/\" \/>\n<meta property=\"og:locale\" content=\"es_ES\" \/>\n<meta property=\"og:type\" content=\"article\" \/>\n<meta property=\"og:title\" content=\"Nuestros Servicios | Fumibug\" \/>\n<meta property=\"og:description\" content=\"Mira nuestros servicios de fumigaci\u00f3n \u27a1\ufe0fSon Eficientes\u2714 Profecionales\u2714 Seguros\u2714 Satisfacci\u00f3n Garantizada\u2714 \u27a1\ufe0fcontactanos para m\u00e1s Info...\" \/>\n<meta property=\"og:url\" content=\"https:\/\/fumibug.com\/inicio\/servicios\/\" \/>\n<meta property=\"og:site_name\" content=\"Fumibug\" \/>\n<meta property=\"article:publisher\" content=\"https:\/\/www.facebook.com\/profile.php?id=61564629337613\" \/>\n<meta property=\"article:modified_time\" content=\"2024-09-21T02:16:26+00:00\" \/>\n<meta property=\"og:image\" content=\"https:\/\/fumibug.com\/wp-content\/uploads\/2024\/09\/cropped-g8d70f8e65e441a2fffc936e6a0fda3fb3ad9dd4df246d1f0d109cd6f54553292b66476a9a778fabf3dbe3193d5ab196c96425a44a29bad696cadbd9a91d56ac9_1280-3116192-e1726531635816.jpg\" \/>\n<meta name=\"twitter:card\" content=\"summary_large_image\" \/>\n<meta name=\"twitter:label1\" content=\"Tiempo de lectura\" \/>\n\t<meta name=\"twitter:data1\" content=\"3 minutos\" \/>\n<script type=\"application\/ld+json\" class=\"yoast-schema-graph\">{\"@context\":\"https:\\\/\\\/schema.org\",\"@graph\":[{\"@type\":\"WebPage\",\"@id\":\"https:\\\/\\\/fumibug.com\\\/inicio\\\/servicios\\\/\",\"url\":\"https:\\\/\\\/fumibug.com\\\/inicio\\\/servicios\\\/\",\"name\":\"Nuestros Servicios | Fumibug\",\"isPartOf\":{\"@id\":\"https:\\\/\\\/fumibug.com\\\/inicio\\\/#website\"},\"primaryImageOfPage\":{\"@id\":\"https:\\\/\\\/fumibug.com\\\/inicio\\\/servicios\\\/#primaryimage\"},\"image\":{\"@id\":\"https:\\\/\\\/fumibug.com\\\/inicio\\\/servicios\\\/#primaryimage\"},\"thumbnailUrl\":\"https:\\\/\\\/fumibug.com\\\/wp-content\\\/uploads\\\/2024\\\/09\\\/cropped-g8d70f8e65e441a2fffc936e6a0fda3fb3ad9dd4df246d1f0d109cd6f54553292b66476a9a778fabf3dbe3193d5ab196c96425a44a29bad696cadbd9a91d56ac9_1280-3116192-e1726531635816.jpg\",\"datePublished\":\"2024-09-09T11:43:25+00:00\",\"dateModified\":\"2024-09-21T02:16:26+00:00\",\"description\":\"Mira nuestros servicios de fumigaci\u00f3n \u27a1\ufe0fSon Eficientes\u2714 Profecionales\u2714 Seguros\u2714 Satisfacci\u00f3n Garantizada\u2714 \u27a1\ufe0fcontactanos para m\u00e1s Info...\",\"breadcrumb\":{\"@id\":\"https:\\\/\\\/fumibug.com\\\/inicio\\\/servicios\\\/#breadcrumb\"},\"inLanguage\":\"es\",\"potentialAction\":[{\"@type\":\"ReadAction\",\"target\":[\"https:\\\/\\\/fumibug.com\\\/inicio\\\/servicios\\\/\"]}]},{\"@type\":\"ImageObject\",\"inLanguage\":\"es\",\"@id\":\"https:\\\/\\\/fumibug.com\\\/inicio\\\/servicios\\\/#primaryimage\",\"url\":\"https:\\\/\\\/fumibug.com\\\/wp-content\\\/uploads\\\/2024\\\/09\\\/cropped-g8d70f8e65e441a2fffc936e6a0fda3fb3ad9dd4df246d1f0d109cd6f54553292b66476a9a778fabf3dbe3193d5ab196c96425a44a29bad696cadbd9a91d56ac9_1280-3116192-e1726531635816.jpg\",\"contentUrl\":\"https:\\\/\\\/fumibug.com\\\/wp-content\\\/uploads\\\/2024\\\/09\\\/cropped-g8d70f8e65e441a2fffc936e6a0fda3fb3ad9dd4df246d1f0d109cd6f54553292b66476a9a778fabf3dbe3193d5ab196c96425a44a29bad696cadbd9a91d56ac9_1280-3116192-e1726531635816.jpg\"},{\"@type\":\"BreadcrumbList\",\"@id\":\"https:\\\/\\\/fumibug.com\\\/inicio\\\/servicios\\\/#breadcrumb\",\"itemListElement\":[{\"@type\":\"ListItem\",\"position\":1,\"name\":\"Inicio\",\"item\":\"https:\\\/\\\/fumibug.com\\\/inicio\\\/\"},{\"@type\":\"ListItem\",\"position\":2,\"name\":\"Servicios\"}]},{\"@type\":\"WebSite\",\"@id\":\"https:\\\/\\\/fumibug.com\\\/inicio\\\/#website\",\"url\":\"https:\\\/\\\/fumibug.com\\\/inicio\\\/\",\"name\":\"Fumibug\",\"description\":\"Expertos en fumigaciones profesionales de cucarachas, hormigas, roedores, chinches, pulgas, mosquitos, entre muchas otras plagas en zona oeste y norte de buenos aires, Fumigacion de cucarachas, hormigas, ratas, pulgas, chinches, ara\u00f1as, etc\",\"publisher\":{\"@id\":\"https:\\\/\\\/fumibug.com\\\/inicio\\\/#organization\"},\"alternateName\":\"fumibug.com\",\"potentialAction\":[{\"@type\":\"SearchAction\",\"target\":{\"@type\":\"EntryPoint\",\"urlTemplate\":\"https:\\\/\\\/fumibug.com\\\/inicio\\\/?s={search_term_string}\"},\"query-input\":{\"@type\":\"PropertyValueSpecification\",\"valueRequired\":true,\"valueName\":\"search_term_string\"}}],\"inLanguage\":\"es\"},{\"@type\":\"Organization\",\"@id\":\"https:\\\/\\\/fumibug.com\\\/inicio\\\/#organization\",\"name\":\"Fumibug Fumigaciones\",\"alternateName\":\"fumibug.com\",\"url\":\"https:\\\/\\\/fumibug.com\\\/inicio\\\/\",\"logo\":{\"@type\":\"ImageObject\",\"inLanguage\":\"es\",\"@id\":\"https:\\\/\\\/fumibug.com\\\/inicio\\\/#\\\/schema\\\/logo\\\/image\\\/\",\"url\":\"https:\\\/\\\/fumibug.com\\\/wp-content\\\/uploads\\\/2024\\\/09\\\/logo1-1-e1725881873979.png\",\"contentUrl\":\"https:\\\/\\\/fumibug.com\\\/wp-content\\\/uploads\\\/2024\\\/09\\\/logo1-1-e1725881873979.png\",\"width\":440,\"height\":436,\"caption\":\"Fumibug Fumigaciones\"},\"image\":{\"@id\":\"https:\\\/\\\/fumibug.com\\\/inicio\\\/#\\\/schema\\\/logo\\\/image\\\/\"},\"sameAs\":[\"https:\\\/\\\/www.facebook.com\\\/profile.php?id=61564629337613\",\"https:\\\/\\\/www.instagram.com\\\/fumibug\\\/\",\"https:\\\/\\\/api.whatsapp.com\\\/send?phone=5491131934993\"]}]}<\/script>\n<!-- \/ Yoast SEO plugin. -->","yoast_head_json":{"title":"Nuestros Servicios | Fumibug","description":"Mira nuestros servicios de fumigaci\u00f3n \u27a1\ufe0fSon Eficientes\u2714 Profecionales\u2714 Seguros\u2714 Satisfacci\u00f3n Garantizada\u2714 \u27a1\ufe0fcontactanos para m\u00e1s Info...","robots":{"index":"index","follow":"follow","max-snippet":"max-snippet:-1","max-image-preview":"max-image-preview:large","max-video-preview":"max-video-preview:-1"},"canonical":"https:\/\/fumibug.com\/inicio\/servicios\/","og_locale":"es_ES","og_type":"article","og_title":"Nuestros Servicios | Fumibug","og_description":"Mira nuestros servicios de fumigaci\u00f3n \u27a1\ufe0fSon Eficientes\u2714 Profecionales\u2714 Seguros\u2714 Satisfacci\u00f3n Garantizada\u2714 \u27a1\ufe0fcontactanos para m\u00e1s Info...","og_url":"https:\/\/fumibug.com\/inicio\/servicios\/","og_site_name":"Fumibug","article_publisher":"https:\/\/www.facebook.com\/profile.php?id=61564629337613","article_modified_time":"2024-09-21T02:16:26+00:00","og_image":[{"url":"https:\/\/fumibug.com\/wp-content\/uploads\/2024\/09\/cropped-g8d70f8e65e441a2fffc936e6a0fda3fb3ad9dd4df246d1f0d109cd6f54553292b66476a9a778fabf3dbe3193d5ab196c96425a44a29bad696cadbd9a91d56ac9_1280-3116192-e1726531635816.jpg","type":"","width":"","height":""}],"twitter_card":"summary_large_image","twitter_misc":{"Tiempo de lectura":"3 minutos"},"schema":{"@context":"https:\/\/schema.org","@graph":[{"@type":"WebPage","@id":"https:\/\/fumibug.com\/inicio\/servicios\/","url":"https:\/\/fumibug.com\/inicio\/servicios\/","name":"Nuestros Servicios | Fumibug","isPartOf":{"@id":"https:\/\/fumibug.com\/inicio\/#website"},"primaryImageOfPage":{"@id":"https:\/\/fumibug.com\/inicio\/servicios\/#primaryimage"},"image":{"@id":"https:\/\/fumibug.com\/inicio\/servicios\/#primaryimage"},"thumbnailUrl":"https:\/\/fumibug.com\/wp-content\/uploads\/2024\/09\/cropped-g8d70f8e65e441a2fffc936e6a0fda3fb3ad9dd4df246d1f0d109cd6f54553292b66476a9a778fabf3dbe3193d5ab196c96425a44a29bad696cadbd9a91d56ac9_1280-3116192-e1726531635816.jpg","datePublished":"2024-09-09T11:43:25+00:00","dateModified":"2024-09-21T02:16:26+00:00","description":"Mira nuestros servicios de fumigaci\u00f3n \u27a1\ufe0fSon Eficientes\u2714 Profecionales\u2714 Seguros\u2714 Satisfacci\u00f3n Garantizada\u2714 \u27a1\ufe0fcontactanos para m\u00e1s Info...","breadcrumb":{"@id":"https:\/\/fumibug.com\/inicio\/servicios\/#breadcrumb"},"inLanguage":"es","potentialAction":[{"@type":"ReadAction","target":["https:\/\/fumibug.com\/inicio\/servicios\/"]}]},{"@type":"ImageObject","inLanguage":"es","@id":"https:\/\/fumibug.com\/inicio\/servicios\/#primaryimage","url":"https:\/\/fumibug.com\/wp-content\/uploads\/2024\/09\/cropped-g8d70f8e65e441a2fffc936e6a0fda3fb3ad9dd4df246d1f0d109cd6f54553292b66476a9a778fabf3dbe3193d5ab196c96425a44a29bad696cadbd9a91d56ac9_1280-3116192-e1726531635816.jpg","contentUrl":"https:\/\/fumibug.com\/wp-content\/uploads\/2024\/09\/cropped-g8d70f8e65e441a2fffc936e6a0fda3fb3ad9dd4df246d1f0d109cd6f54553292b66476a9a778fabf3dbe3193d5ab196c96425a44a29bad696cadbd9a91d56ac9_1280-3116192-e1726531635816.jpg"},{"@type":"BreadcrumbList","@id":"https:\/\/fumibug.com\/inicio\/servicios\/#breadcrumb","itemListElement":[{"@type":"ListItem","position":1,"name":"Inicio","item":"https:\/\/fumibug.com\/inicio\/"},{"@type":"ListItem","position":2,"name":"Servicios"}]},{"@type":"WebSite","@id":"https:\/\/fumibug.com\/inicio\/#website","url":"https:\/\/fumibug.com\/inicio\/","name":"Fumibug","description":"Expertos en fumigaciones profesionales de cucarachas, hormigas, roedores, chinches, pulgas, mosquitos, entre muchas otras plagas en zona oeste y norte de buenos aires, Fumigacion de cucarachas, hormigas, ratas, pulgas, chinches, ara\u00f1as, etc","publisher":{"@id":"https:\/\/fumibug.com\/inicio\/#organization"},"alternateName":"fumibug.com","potentialAction":[{"@type":"SearchAction","target":{"@type":"EntryPoint","urlTemplate":"https:\/\/fumibug.com\/inicio\/?s={search_term_string}"},"query-input":{"@type":"PropertyValueSpecification","valueRequired":true,"valueName":"search_term_string"}}],"inLanguage":"es"},{"@type":"Organization","@id":"https:\/\/fumibug.com\/inicio\/#organization","name":"Fumibug Fumigaciones","alternateName":"fumibug.com","url":"https:\/\/fumibug.com\/inicio\/","logo":{"@type":"ImageObject","inLanguage":"es","@id":"https:\/\/fumibug.com\/inicio\/#\/schema\/logo\/image\/","url":"https:\/\/fumibug.com\/wp-content\/uploads\/2024\/09\/logo1-1-e1725881873979.png","contentUrl":"https:\/\/fumibug.com\/wp-content\/uploads\/2024\/09\/logo1-1-e1725881873979.png","width":440,"height":436,"caption":"Fumibug Fumigaciones"},"image":{"@id":"https:\/\/fumibug.com\/inicio\/#\/schema\/logo\/image\/"},"sameAs":["https:\/\/www.facebook.com\/profile.php?id=61564629337613","https:\/\/www.instagram.com\/fumibug\/","https:\/\/api.whatsapp.com\/send?phone=5491131934993"]}]}},"uagb_featured_image_src":{"full":false,"thumbnail":false,"medium":false,"medium_large":false,"large":false,"1536x1536":false,"2048x2048":false,"awb_sm":false,"awb_md":false,"awb_lg":false,"awb_xl":false},"uagb_author_info":{"display_name":"fumibugfumigaciones@gmail.com","author_link":"https:\/\/fumibug.com\/inicio\/author\/fumibugfumigacionesgmail-com\/"},"uagb_comment_info":0,"uagb_excerpt":"Servicios de fumigaci\u00f3n que Ofrecemos Ofrecemos una amplia gama de servicios de fumigaci\u00f3n, desde el control de plagas hasta la desinfecci\u00f3n en instalaciones dom\u00e9sticas y comerciales. Nuestro equipo de profesionales est\u00e1 capacitado para manejar cualquier tipo de infestaci\u00f3n, garantizando un ambiente seguro y libre de plagas. \u00bfC\u00f3mo podemos ayudarte?","jetpack_sharing_enabled":true,"_links":{"self":[{"href":"https:\/\/fumibug.com\/inicio\/wp-json\/wp\/v2\/pages\/12","targetHints":{"allow":["GET"]}}],"collection":[{"href":"https:\/\/fumibug.com\/inicio\/wp-json\/wp\/v2\/pages"}],"about":[{"href":"https:\/\/fumibug.com\/inicio\/wp-json\/wp\/v2\/types\/page"}],"author":[{"embeddable":true,"href":"https:\/\/fumibug.com\/inicio\/wp-json\/wp\/v2\/users\/1"}],"replies":[{"embeddable":true,"href":"https:\/\/fumibug.com\/inicio\/wp-json\/wp\/v2\/comments?post=12"}],"version-history":[{"count":0,"href":"https:\/\/fumibug.com\/inicio\/wp-json\/wp\/v2\/pages\/12\/revisions"}],"wp:attachment":[{"href":"https:\/\/fumibug.com\/inicio\/wp-json\/wp\/v2\/media?parent=12"}],"curies":[{"name":"wp","href":"https:\/\/api.w.org\/{rel}","templated":true}]}}